{"id":183,"date":"2020-11-07T12:51:59","date_gmt":"2020-11-07T15:51:59","guid":{"rendered":"http:\/\/mnpef.univasf.edu.br\/p01\/?page_id=183"},"modified":"2021-03-28T16:34:35","modified_gmt":"2021-03-28T19:34:35","slug":"3-criacao-das-turmas-no-khan-academy-integrado-ao-google-sala-de-aula","status":"publish","type":"page","link":"https:\/\/mnpef.univasf.edu.br\/p01\/index.php\/3-criacao-das-turmas-no-khan-academy-integrado-ao-google-sala-de-aula\/","title":{"rendered":"3 &#8211; Cria\u00e7\u00e3o Turmas no Khan Academy"},"content":{"rendered":"\n<p style=\"text-align: justify;\"><strong>\u00ad\u00ad\u00ad\u00ad\u00ad\u00ad\u00ad\u00ad\u00ad&nbsp; &nbsp; &nbsp; &nbsp;<\/strong>A plataforma de ensino Khan Academy \u00e9 inteiramente gratuita com vasto campo de materiais educacionais inseridos. O educador poder\u00e1 formar turmas a partir de convites para seus alunos, o que chama muita aten\u00e7\u00e3o nesse ambiente, al\u00e9m, claro, de um acervo fant\u00e1stico de conte\u00fado das mais distintas \u00e1reas do conhecimento. Arquivos como v\u00eddeo-aulas, artigos, exerc\u00edcios distribu\u00eddos em n\u00edveis (dos mais simples aos mais complexos) s\u00e3o dispostos nesse espa\u00e7o, oportunizando ao docente e estudantes um acervo de conte\u00fados dos mais variados componentes curriculares.<\/p>\n<p style=\"text-align: justify;\">&nbsp; &nbsp; &nbsp; &nbsp;O que entusiasma \u00e9 que a Khan Academy pode ser utilizada mediante integra\u00e7\u00e3o com a Sala de Aula do Google, possibilitando ao professor distintas formas de condu\u00e7\u00e3o metodol\u00f3gicas ao alunado.<\/p>\n<p style=\"text-align: justify;\">&nbsp; &nbsp; &nbsp; &nbsp;Bom destacar que tal espa\u00e7o educacional foi criado a partir da ideia de Salman Almin Khan, educador americano, que come\u00e7ou gravando v\u00eddeo-aulas para seus familiares, criando posteriormente um canal no YouTube. O sucesso surgiu de forma imediata, possibilitando a cria\u00e7\u00e3o dessa plataforma de ensino voltada para professores e estudantes, em especial, nas \u00e1reas da matem\u00e1tica e das ci\u00eancias.<\/p>\n<p style=\"text-align: justify;\">&nbsp; &nbsp; &nbsp; &nbsp;O projeto e-Nova da Secretaria de Educa\u00e7\u00e3o do Estado da Bahia via curso sobre o Uso Pedag\u00f3gico de Tecnologias Educacionais, j\u00e1 citado antes, tamb\u00e9m abrangeu para os educadores daquele estado, o conhecimento quanto \u00e0 utiliza\u00e7\u00e3o da Khan Academy. A \u201cKhan\u201d colaborou no aspecto metodol\u00f3gico e foi utilizada para aprofundar conceitos importantes e fundamentais da Termometria, Calorimetria e Aquecimento Global, que ser\u00e3o expl\u00edcitos no decorrer desse trabalho.<\/p>\n<p style=\"text-align: justify;\">&nbsp; &nbsp; &nbsp; &nbsp;A seguir um tutorial, bem resumido, no que tange a forma\u00e7\u00e3o das turmas na Khan Academy, bem similar \u00e0 cria\u00e7\u00e3o das salas de aula no Google Sala de Aula.<\/p>\n<p style=\"text-align: justify;\">&nbsp; &nbsp; &nbsp; &nbsp;O primeiro passo \u00e9 acessar o endere\u00e7o &lt;https:\/\/pt.khanacademy.org\/&gt;, p\u00e1gina de abertura do ambiente (figura 12) e clicar no \u00edcone \u201cprofessores\u201d, visando a forma\u00e7\u00e3o do grupo escolar com a participa\u00e7\u00e3o do professor, que ser\u00e1 o administrador da turma em que poder\u00e1 direcionar os trabalhos e a intera\u00e7\u00e3o com os estudantes.<\/p>\n\n\n\n<figure class=\"wp-block-image size-large\"><img loading=\"lazy\" width=\"860\" height=\"572\" src=\"http:\/\/mnpef.univasf.edu.br\/p01\/wp-content\/uploads\/2021\/03\/Khan-Academy-Visao-Geral.jpg\" alt=\"\" class=\"wp-image-536\"\/><figcaption>Figura 12 &#8211; Vista p\u00e1gina de acesso.<\/figcaption><\/figure>\n\n\n\n<p style=\"text-align: justify;\"><strong>\u00ad\u00ad\u00ad\u00ad\u00ad\u00ad\u00ad\u00ad&nbsp; &nbsp; &nbsp; &nbsp;<\/strong>Ap\u00f3s clicar no campo \u201cprofessores\u201d o professor ser\u00e1 direcionado para a p\u00e1gina de inscri\u00e7\u00e3o onde dever\u00e1 acessar \u201cContinuar com o Google\u201d (ver figura 13), pois poder\u00e1 entrar na plataforma utilizando o e-mail pessoal Google ou e-mail e-Nova Educa\u00e7\u00e3o.<\/p>\n\n\n\n<figure class=\"wp-block-image size-large\"><img loading=\"lazy\" width=\"878\" height=\"578\" src=\"http:\/\/mnpef.univasf.edu.br\/p01\/wp-content\/uploads\/2021\/03\/Vista-Khan-Academy-II.jpg\" alt=\"\" class=\"wp-image-537\"\/><figcaption>Figura 13 &#8211; Vista  p\u00e1gina de acesso II.<\/figcaption><\/figure>\n\n\n\n<p style=\"text-align: justify;\">&nbsp; &nbsp; &nbsp; &nbsp;Caso o professor j\u00e1 esteja com login da conta Gmail ativada em seu notebook, desktop ou celular, ser\u00e1 direcionado automaticamente para o espa\u00e7o de cria\u00e7\u00e3o de turmas com nome do professor criado pela Khan (que posteriormente o educador poder\u00e1 mudar atrav\u00e9s das configura\u00e7\u00f5es pessoais do sistema), bem similar \u00e0 sua grafia correta.<\/p>\n<p style=\"text-align: justify;\">&nbsp; &nbsp; &nbsp; &nbsp;O passo seguinte ser\u00e1 o de adicionar a turma, o que \u00e9 bem simples, uma vez que alguma turma j\u00e1 foi formada atrav\u00e9s do Google Sala de Aula, no caso em espec\u00edfico a turma do componente curricular F\u00edsica. Como j\u00e1 foi colocado, a Khan Academy pode agir de forma integrada com a Classe de F\u00edsica no Google. Vamos apenas inseri-la conforme as ilustra\u00e7\u00f5es nas figuras 14 e 15 na sequ\u00eancia.<\/p>\n\n\n\n<figure class=\"wp-block-image size-large\"><img loading=\"lazy\" width=\"853\" height=\"312\" src=\"http:\/\/mnpef.univasf.edu.br\/p01\/wp-content\/uploads\/2021\/03\/Adicionar-nova-turma.jpg\" alt=\"\" class=\"wp-image-538\"\/><figcaption>Figura 14 &#8211; Adicionar turma. <\/figcaption><\/figure>\n\n\n\n<p style=\"text-align: justify;\">&nbsp; &nbsp; &nbsp; &nbsp;O professor ir\u00e1 importar a turma do Google Sala de Aula, clicando tamb\u00e9m no campo e logo depois selecionar uma turma (lembrando sempre que a turma j\u00e1 dever\u00e1 de forma antecipada estar criada no Google Sala de Aula.<\/p>\n\n\n\n<figure class=\"wp-block-image size-large\"><img loading=\"lazy\" width=\"880\" height=\"537\" src=\"http:\/\/mnpef.univasf.edu.br\/p01\/wp-content\/uploads\/2021\/03\/Importar-turma.jpg\" alt=\"\" class=\"wp-image-539\"\/><figcaption>Figura 15 &#8211; Importar turma.<\/figcaption><\/figure>\n\n\n\n<p style=\"text-align: justify;\">&nbsp; &nbsp; &nbsp; &nbsp;Logo ap\u00f3s a turma ser importada para a plataforma Khan Academy o professor poder\u00e1 escolher o curso que deseja sugerir para os alunos, isto \u00e9, se nesse caso optar para o componente curricular F\u00edsica (figura 16). Os estudantes em seus respectivos e-mails Google receber\u00e3o convites para participarem da turma rec\u00e9m-criada, que, a partir do momento que forem aceitando, automaticamente ser\u00e3o direcionados para o mais novo ambiente educacional digital de sala de aula.<\/p>\n\n\n\n<figure class=\"wp-block-image size-large\"><img loading=\"lazy\" width=\"933\" height=\"562\" src=\"http:\/\/mnpef.univasf.edu.br\/p01\/wp-content\/uploads\/2021\/03\/Sugerir-curso.jpg\" alt=\"\" class=\"wp-image-540\"\/><figcaption>Figura 16 &#8211; Sugerir curso.<\/figcaption><\/figure>\n\n\n\n<p style=\"text-align: justify;\">&nbsp; &nbsp; &nbsp; &nbsp;Pronto, a turma ser\u00e1 conclu\u00edda e professor e estudantes poder\u00e3o desfrutar de v\u00eddeo-aulas, artigos e exerc\u00edcios sobre os mais variados conte\u00fados de F\u00edsica. Nesse trabalho em espec\u00edfico, o produto educacional foi direcionado, reiterando, para tratar de assuntos ligados \u00e0 Termologia.<\/p>\n\n\n\n<hr class=\"wp-block-separator\"\/>\n\n\n\n<div class=\"wp-block-buttons\">\n<div class=\"wp-block-button\"><a class=\"wp-block-button__link\" href=\"http:\/\/mnpef.univasf.edu.br\/p01\/index.php\/2-criacao-da-sala\/\">2 &lt;&#8212;&#8211;<\/a><\/div>\n\n\n\n<div class=\"wp-block-button\"><a class=\"wp-block-button__link\" href=\"http:\/\/mnpef.univasf.edu.br\/p01\/index.php\/4-investigando-os-conhecimentos-previos-dos-estudantes-sobre-a-tematica-aquecimento-global-google-formularios\/\">&#8212;&#8211;&gt; 4<\/a><\/div>\n<\/div>\n\n\n\n<p><\/p>\n","protected":false},"excerpt":{"rendered":"<p>\u00ad\u00ad\u00ad\u00ad\u00ad\u00ad\u00ad\u00ad\u00ad&nbsp; &nbsp; &nbsp; &nbsp;A plataforma de ensino Khan Academy \u00e9 inteiramente gratuita com vasto campo de materiais educacionais inseridos. O educador poder\u00e1 formar turmas a [&#8230;]<\/p>\n","protected":false},"author":1,"featured_media":0,"parent":0,"menu_order":0,"comment_status":"closed","ping_status":"closed","template":"","meta":[],"_links":{"self":[{"href":"https:\/\/mnpef.univasf.edu.br\/p01\/index.php\/wp-json\/wp\/v2\/pages\/183"}],"collection":[{"href":"https:\/\/mnpef.univasf.edu.br\/p01\/index.php\/wp-json\/wp\/v2\/pages"}],"about":[{"href":"https:\/\/mnpef.univasf.edu.br\/p01\/index.php\/wp-json\/wp\/v2\/types\/page"}],"author":[{"embeddable":true,"href":"https:\/\/mnpef.univasf.edu.br\/p01\/index.php\/wp-json\/wp\/v2\/users\/1"}],"replies":[{"embeddable":true,"href":"https:\/\/mnpef.univasf.edu.br\/p01\/index.php\/wp-json\/wp\/v2\/comments?post=183"}],"version-history":[{"count":12,"href":"https:\/\/mnpef.univasf.edu.br\/p01\/index.php\/wp-json\/wp\/v2\/pages\/183\/revisions"}],"predecessor-version":[{"id":611,"href":"https:\/\/mnpef.univasf.edu.br\/p01\/index.php\/wp-json\/wp\/v2\/pages\/183\/revisions\/611"}],"wp:attachment":[{"href":"https:\/\/mnpef.univasf.edu.br\/p01\/index.php\/wp-json\/wp\/v2\/media?parent=183"}],"curies":[{"name":"wp","href":"https:\/\/api.w.org\/{rel}","templated":true}]}}