{"id":238,"date":"2020-11-08T18:13:20","date_gmt":"2020-11-08T21:13:20","guid":{"rendered":"http:\/\/mnpef.univasf.edu.br\/p01\/?page_id=238"},"modified":"2021-03-28T14:18:12","modified_gmt":"2021-03-28T17:18:12","slug":"6-aulas-expositivas-com-intervencao-de-exercicios-explorando-o-estudo-da-calorimetria-conceitos-basicos-equilibrio-termico-e-processos-de-propagacao-de-calor-utilizando-o-google-sala-de-aula","status":"publish","type":"page","link":"https:\/\/mnpef.univasf.edu.br\/p01\/index.php\/6-aulas-expositivas-com-intervencao-de-exercicios-explorando-o-estudo-da-calorimetria-conceitos-basicos-equilibrio-termico-e-processos-de-propagacao-de-calor-utilizando-o-google-sala-de-aula\/","title":{"rendered":"6 &#8211; Aulas Expositivas Calorimetria"},"content":{"rendered":"\n<p style=\"text-align: justify;\">&nbsp; &nbsp; &nbsp; &nbsp;Utilizando a mesma metodologia do cap&iacute;tulo anterior, o professor propor&aacute; aos seus estudantes uma nova subsequ&ecirc;ncia de ensino com dura&ccedil;&atilde;o de quatro horas aulas para ministrar conte&uacute;dos sobre conceitos b&aacute;sicos de Calorimetria. Nessa perspectiva o educador se valer&aacute; das ferramentas educacionais digitais do Google e tamb&eacute;m da Khan Academy, al&eacute;m, &eacute; claro, de utilizar o livro did&aacute;tico adotado pelo col&eacute;gio, para explanar e explicar conceitos b&aacute;sicos de calor (calor sens&iacute;vel, calor latente, calor espec&iacute;fico, capacidade t&eacute;rmica, etc.) e as formas conhecidas de processos de propaga&ccedil;&atilde;o de calor (condu&ccedil;&atilde;o t&eacute;rmica, convec&ccedil;&atilde;o t&eacute;rmica e irradia&ccedil;&atilde;o ou radia&ccedil;&atilde;o t&eacute;rmica).<\/p>\n\n\n\n<h6>6.1 <strong>Revisando conceitos \/ Temperatura, Calor e Equil\u00edbrio T\u00e9rmico<\/strong><\/h6>\n\n\n\n<p style=\"text-align: justify;\">&nbsp; &nbsp; &nbsp; &nbsp;O professor introduz o conte&uacute;do atrav&eacute;s de uma revis&atilde;o sobre os conceitos de temperatura, calor e equil&iacute;brio t&eacute;rmico discutidos nas aulas anteriores.<\/p>\n<p style=\"text-align: justify;\">&nbsp; &nbsp; &nbsp; &nbsp;Levando-se em considera&ccedil;&atilde;o a proposta de revis&atilde;o de conte&uacute;dos de Termometria e a introdu&ccedil;&atilde;o ao estudo da Calorimetria, foi disposto no ambiente Google Sala de Aula F&iacute;sica das turmas uma v&iacute;deo-aula de aproximadamente sete minutos, do canal do YouTube Brasil Escola, onde &eacute; apresentado de forma bem clara e objetiva conceitos primordiais do ponto de vista da compreens&atilde;o futura de outros temas da Calorimetria. O v&iacute;deo est&aacute; disponibilizado atrav&eacute;s do endere&ccedil;o eletr&ocirc;nico &lt;<u><a href=\"https:\/\/bit.ly\/2AOPlEY\" target=\"_blank\" rel=\"noopener noreferrer\">https:\/\/bit.ly\/2AOPlEY<\/a><\/u>&gt;.<\/p>\n<p style=\"text-align: justify;\">&nbsp; &nbsp; &nbsp; &nbsp;O professor em sala de aula exibe o v&iacute;deo para os estudantes realizando interven&ccedil;&otilde;es, dando oportunidade aos estudantes de participarem visando um estudo de revis&atilde;o do tema j&aacute; explorado nas aulas passadas. Esse v&iacute;deo ficar&aacute; disponibilizado para os estudantes de forma permanente, assim como todo e qualquer material depositado pelo professor, na ferramenta educacional Google Sala de Aula F&iacute;sica (desde que o educador &ndash; administrador n&atilde;o o exclua da sala de aula virtual). As figuras 27 e 28 exibem, respectivamente, a disposi&ccedil;&atilde;o do link da v&iacute;deo-aula na sala de aula virtual Google e o v&iacute;deo propriamente dito do canal Brasil Escola no YouTube.<\/p>\n\n\n\n<figure class=\"wp-block-image size-large\"><img loading=\"lazy\" width=\"892\" height=\"598\" src=\"http:\/\/mnpef.univasf.edu.br\/p01\/wp-content\/uploads\/2021\/03\/Calorimetria-Introducao.jpg\" alt=\"\" class=\"wp-image-561\"\/><figcaption>Figura 27 &#8211; Calorimetria Introdu\u00e7\u00e3o.<\/figcaption><\/figure>\n\n\n\n<figure class=\"wp-block-image size-large\"><img loading=\"lazy\" width=\"894\" height=\"534\" src=\"http:\/\/mnpef.univasf.edu.br\/p01\/wp-content\/uploads\/2021\/03\/Calorimetria-Revisao-Brasil-Escola.jpg\" alt=\"\" class=\"wp-image-562\"\/><figcaption>Figura 28 &#8211; Calorimetria Revis\u00e3o Brasil Escola. &lt;<a rel=\"noreferrer noopener\" href=\"https:\/\/bit.ly\/2AOPlEY\" target=\"_blank\">https:\/\/bit.ly\/2AOPlEY<\/a>><\/figcaption><\/figure>\n\n\n\n<h6>6.2 <strong>C<\/strong>onceitos de Calorimetria<\/h6>\n\n\n\n<p style=\"text-align: justify;\">&nbsp; &nbsp; &nbsp; &nbsp;Dando continuidade a essa subsequ&ecirc;ncia de ensino o professor poder&aacute; ofertar aos seus estudantes uma proposta introdut&oacute;ria de atividade avaliativa sobre os conceitos de Calorimetria. Nesse sentido, foi disponibilizado para os estudantes no Google Sala de Aula F&iacute;sica, duas V&iacute;deo Aulas do canal Brasil Escola, atrav&eacute;s dos professores de F&iacute;sica Joab Silva (dispon&iacute;vel em: &lt;<u><a href=\"https:\/\/bit.ly\/2ZUrhZz\" target=\"_blank\" rel=\"noopener noreferrer\">https:\/\/bit.ly\/2ZUrhZz<\/a><\/u>&gt; \/ pouco mais de 11 minutos) e Cleiton Duarte (dispon&iacute;vel em:&nbsp; &lt;<u><a href=\"https:\/\/bit.ly\/2ChrMoH\" target=\"_blank\" rel=\"noopener noreferrer\">https:\/\/bit.ly\/2ChrMoH<\/a><\/u>&gt; \/ pouco mais de 8 minutos),&nbsp; onde explicam conceitos b&aacute;sicos da Calorimetria (calor sens&iacute;vel, calor latente, calor espec&iacute;fico e capacidade t&eacute;rmica), al&eacute;m de demonstrarem e apresentarem as f&oacute;rmulas matem&aacute;ticas que definem cada um desses conceitos. Sendo assim, a sugest&atilde;o foi a de lan&ccedil;ar a proposta de os estudantes assistirem os dois v&iacute;deos em casa e logo a seguir postar em formato de atividade avaliativa no Google Sala de Aula um trabalho descritivo apresentando as defini&ccedil;&otilde;es dos principais conceitos da Calorimetria e, al&eacute;m disso, descrever, na mesma proposta de avalia&ccedil;&atilde;o, tr&ecirc;s exerc&iacute;cios \/ quest&otilde;es (uma de cada conceito apresentado nas v&iacute;deo-aulas) com resolu&ccedil;&otilde;es. O Google Sala de Aula apresenta um mecanismo onde o professor poder&aacute; definir o prazo final para postagem (indicando, inclusive o hor&aacute;rio final para tal). A ideia foi a de que os estudantes tivessem um tempo m&aacute;ximo de uma semana para a conclus&atilde;o da atividade.<\/p>\n<p style=\"text-align: justify;\">&nbsp; &nbsp; &nbsp; &nbsp;A figura 29 apresenta as instru&ccedil;&otilde;es da proposta de atividade introdut&oacute;ria sobre conceitos b&aacute;sicos de Calorimetria. Observa&ccedil;&atilde;o: o professor poder&aacute; facilmente anexar material diversificado (v&iacute;deo, link, arquivo PDF, arquivo Word, etc.) no momento que for criar a atividade no Google Sala de Aula das turmas de F&iacute;sica, onde &eacute; o administrador.<\/p>\n\n\n\n<figure class=\"wp-block-image size-large\"><img loading=\"lazy\" width=\"813\" height=\"573\" src=\"http:\/\/mnpef.univasf.edu.br\/p01\/wp-content\/uploads\/2021\/03\/Calorimetria-Atividade-Introdutoria.jpg\" alt=\"\" class=\"wp-image-563\"\/><figcaption>Figura 29 &#8211; Calorimetria Atividade Introdut\u00f3ria.<\/figcaption><\/figure>\n\n\n\n<p style=\"text-align: justify;\">&nbsp; &nbsp; &nbsp; &nbsp;Na sequ&ecirc;ncia, as figuras 30 e 31 ilustram imagens das v&iacute;deo-aulas dos professores Joab Silas da Silva e Cleiton Duarte do canal Brasil Escola do YouTube.<\/p>\n\n\n\n<figure class=\"wp-block-image size-large\"><img loading=\"lazy\" width=\"914\" height=\"532\" src=\"http:\/\/mnpef.univasf.edu.br\/p01\/wp-content\/uploads\/2021\/03\/Video-aula-Calorimetria.jpg\" alt=\"\" class=\"wp-image-565\"\/><figcaption>Figura 30- V\u00eddeo aula Calorimetria Conceitos B\u00e1sicos &#8211; Prof. Joab Silva \/ Brasil Escola. &lt;<a rel=\"noreferrer noopener\" href=\"https:\/\/bit.ly\/2ZUrhZz\" target=\"_blank\">https:\/\/bit.ly\/2ZUrhZz<\/a>><\/figcaption><\/figure>\n\n\n\n<figure class=\"wp-block-image size-large\"><img loading=\"lazy\" width=\"958\" height=\"515\" src=\"http:\/\/mnpef.univasf.edu.br\/p01\/wp-content\/uploads\/2021\/03\/Video-aula-Calorimetria-II.jpg\" alt=\"\" class=\"wp-image-566\"\/><figcaption>Figura 31 &#8211; V\u00eddeo aula Calorimetria Conceitos B\u00e1sicos &#8211; Prof. Cleiton Duarte \/ Brasil Escola.&lt;<a rel=\"noreferrer noopener\" href=\"https:\/\/bit.ly\/2ChrMoH\" target=\"_blank\">https:\/\/bit.ly\/2ChrMoH<\/a>><\/figcaption><\/figure>\n\n\n\n<p style=\"text-align: justify;\">&nbsp; &nbsp; &nbsp; &nbsp;Vale lembrar que as v&iacute;deo-aulas ficar&atilde;o de forma permanente para os estudantes no ambiente educacional da Sala de Aula F&iacute;sica do Google, o que significar&aacute; muito, pois, a qualquer momento, poder&atilde;o se valer desse material para o exerc&iacute;cio de estudos.<\/p>\n<p style=\"text-align: justify;\">&nbsp; &nbsp; &nbsp; &nbsp;Ap&oacute;s o prazo destinado ao envio das atividades dos alunos, em sala de aula, o professor oferta para seus estudantes, com a utiliza&ccedil;&atilde;o do quadro branco, a resolu&ccedil;&atilde;o de exerc&iacute;cios \/ quest&otilde;es que os pr&oacute;prios alunos descreveram no trabalho, explanando dentro das resolu&ccedil;&otilde;es os conceitos b&aacute;sicos da Calorimetria na tentativa de explorar mais o conte&uacute;do em si, aproveitando o ensejo para recolher d&uacute;vidas e sacia-las. Caso o professor queira, e se achar conveniente e necess&aacute;rio, poder&aacute; propor mais exerc&iacute;cios para os estudantes atrav&eacute;s do livro did&aacute;tico que foi adotado em seu col&eacute;gio.<\/p>\n\n\n\n<h6>6.3 <strong>Processos de Propaga\u00e7\u00e3o e\/ou Transmiss\u00e3o de Calor<\/strong><\/h6>\n\n\n\n<p style=\"text-align: justify;\">&nbsp; &nbsp; &nbsp; &nbsp;Para concluir essa subsequ&ecirc;ncia solicita-se o estudo dos processos de propaga&ccedil;&atilde;o de calor, imprescind&iacute;veis, para a compreens&atilde;o ampla do estudo da Calorimetria abordando as formas caracter&iacute;sticas de comportamento da emiss&atilde;o calor&iacute;fica. Uma dessas formas, a radia&ccedil;&atilde;o t&eacute;rmica (ou irradia&ccedil;&atilde;o), ser&aacute; pressuposto fundamental para a discuss&atilde;o futura do Tema Aquecimento Global.<\/p>\n<p style=\"text-align: justify;\">&nbsp; &nbsp; &nbsp; &nbsp;Prop&otilde;e-se a exposi&ccedil;&atilde;o de trabalho em equipe em sala de aula, uma apresenta&ccedil;&atilde;o oral, onde cada turma foi distribu&iacute;da em duas equipes, cada uma com a responsabilidade de expor para o professor e demais estudantes uma explana&ccedil;&atilde;o sobre cada um dos processos de propaga&ccedil;&atilde;o de calor (condu&ccedil;&atilde;o t&eacute;rmica, convec&ccedil;&atilde;o t&eacute;rmica e radia&ccedil;&atilde;o t&eacute;rmica). As instru&ccedil;&otilde;es das apresenta&ccedil;&otilde;es orais ser&atilde;o postadas pelo professor na Sala de Aula F&iacute;sica Google para o conhecimento dos estudantes, bem como a distribui&ccedil;&atilde;o dos estudantes em equipes\/grupos, no caso dois. O professor poder&aacute; delimitar o tempo destinado a cada apresenta&ccedil;&atilde;o oral em sala de aula do trabalho proposto, al&eacute;m de direcionar seus estudantes quanto a quest&atilde;o de poss&iacute;veis d&uacute;vidas que poder&atilde;o surgir. Essas poss&iacute;veis d&uacute;vidas poder&atilde;o ser tiradas atrav&eacute;s do espa&ccedil;o destinado a coment&aacute;rios no Google Sala de Aula, ou diretamente pelo Google Chat da turma, canal de comunica&ccedil;&atilde;o com um grupo em espec&iacute;fico, que j&aacute; foi apresentado nesse trabalho no cap&iacute;tulo 2 do produto educacional.<\/p>\n<p style=\"text-align: justify;\">&nbsp; &nbsp; &nbsp; &nbsp;A seguir, na figura 32, ilustra&ccedil;&atilde;o das instru&ccedil;&otilde;es destinada &agrave; equipe de trabalho com a responsabilidade de apresentar o processo de propaga&ccedil;&atilde;o de calor por radia&ccedil;&atilde;o t&eacute;rmica. Importante apresentar com o m&aacute;ximo de anteced&ecirc;ncia poss&iacute;vel para o conhecimento do estudante tais instru&ccedil;&otilde;es, al&eacute;m das fontes de conhecimento para o tema que cada grupo ficou com a responsabilidade de apresentar.<\/p>\n\n\n\n<figure class=\"wp-block-image size-large\"><img loading=\"lazy\" width=\"897\" height=\"411\" src=\"http:\/\/mnpef.univasf.edu.br\/p01\/wp-content\/uploads\/2021\/03\/Instrucoes-Radiacao-Termica.jpg\" alt=\"\" class=\"wp-image-567\"\/><figcaption>Figura 32 &#8211; Instru\u00e7\u00f5es Apresenta\u00e7\u00e3o Oral &#8211; Radia\u00e7\u00e3o T\u00e9rmica, <\/figcaption><\/figure>\n\n\n\n<p style=\"text-align: justify;\">&nbsp; &nbsp; &nbsp; &nbsp;Espera-se que durante as apresenta&ccedil;&otilde;es os estudantes, em cada um dos dois grupos de trabalho, abordem as caracter&iacute;sticas que definem os diferentes tipos de propaga&ccedil;&atilde;o de calor e que tais processos se estabelecem atrav&eacute;s do fluxo de calor. Dever&atilde;o entender tamb&eacute;m que alguns desses processos acontecem por meio material e outro &eacute; ocorrido pelo v&aacute;cuo. Ao t&eacute;rmino das exposi&ccedil;&otilde;es o professor poder&aacute; realizar uma discuss&atilde;o no grande grupo atentando aspectos em comum e distintos desses processos.<\/p>\n<p style=\"text-align: justify;\">&nbsp; &nbsp; &nbsp; &nbsp;Importante enfatizar que a discuss&atilde;o professor-alunos sobre o processo de propaga&ccedil;&atilde;o de calor por irradia&ccedil;&atilde;o ser&aacute; fundamental para compreender o estudo sobre o Aquecimento Global.<\/p>\n<p style=\"text-align: justify;\">&nbsp; &nbsp; &nbsp; &nbsp;A partir daqui a exposi&ccedil;&atilde;o de conte&uacute;dos estar&aacute; diretamente interligada a uma melhor compreens&atilde;o do fen&ocirc;meno Aquecimento Global. Ser&atilde;o disponibilizados artigos, v&iacute;deo-aula, filme document&aacute;rio e uma atividade experimental, visando discuss&otilde;es de pensamento cr&iacute;tico por parte dos estudantes em torno desse problema ambiental.<\/p>\n\n\n\n<hr class=\"wp-block-separator\"\/>\n\n\n\n<div class=\"wp-block-buttons\">\n<div class=\"wp-block-button\"><a class=\"wp-block-button__link\" href=\"http:\/\/mnpef.univasf.edu.br\/p01\/index.php\/5-aulas-expositivas-com-intervencao-de-exercicios-explorando-o-estudo-da-termometria-conceitos-basicos-escalas-termometricas-e-conversoes-utilizando-o-google-sala-de-aula-e-khan-academy\/\">5 &lt;&#8212;&#8211;<\/a><\/div>\n\n\n\n<div class=\"wp-block-button\"><a class=\"wp-block-button__link\" href=\"http:\/\/mnpef.univasf.edu.br\/p01\/index.php\/7-khan-academy-como-a-mudanca-climatica-afeta-a-biodiversidade-efeito-estufa\/\">&#8212;&#8211;&gt; 7<\/a><\/div>\n<\/div>\n\n\n\n<p><\/p>\n","protected":false},"excerpt":{"rendered":"<p>&nbsp; &nbsp; &nbsp; &nbsp;Utilizando a mesma metodologia do cap&iacute;tulo anterior, o professor propor&aacute; aos seus estudantes uma nova subsequ&ecirc;ncia de ensino com dura&ccedil;&atilde;o de quatro [&#8230;]<\/p>\n","protected":false},"author":1,"featured_media":0,"parent":0,"menu_order":0,"comment_status":"closed","ping_status":"closed","template":"","meta":[],"_links":{"self":[{"href":"https:\/\/mnpef.univasf.edu.br\/p01\/index.php\/wp-json\/wp\/v2\/pages\/238"}],"collection":[{"href":"https:\/\/mnpef.univasf.edu.br\/p01\/index.php\/wp-json\/wp\/v2\/pages"}],"about":[{"href":"https:\/\/mnpef.univasf.edu.br\/p01\/index.php\/wp-json\/wp\/v2\/types\/page"}],"author":[{"embeddable":true,"href":"https:\/\/mnpef.univasf.edu.br\/p01\/index.php\/wp-json\/wp\/v2\/users\/1"}],"replies":[{"embeddable":true,"href":"https:\/\/mnpef.univasf.edu.br\/p01\/index.php\/wp-json\/wp\/v2\/comments?post=238"}],"version-history":[{"count":11,"href":"https:\/\/mnpef.univasf.edu.br\/p01\/index.php\/wp-json\/wp\/v2\/pages\/238\/revisions"}],"predecessor-version":[{"id":568,"href":"https:\/\/mnpef.univasf.edu.br\/p01\/index.php\/wp-json\/wp\/v2\/pages\/238\/revisions\/568"}],"wp:attachment":[{"href":"https:\/\/mnpef.univasf.edu.br\/p01\/index.php\/wp-json\/wp\/v2\/media?parent=238"}],"curies":[{"name":"wp","href":"https:\/\/api.w.org\/{rel}","templated":true}]}}